{"id":19,"date":"2019-05-03T17:18:56","date_gmt":"2019-05-03T15:18:56","guid":{"rendered":"https:\/\/welovekiel.com\/?page_id=19"},"modified":"2022-04-15T06:49:38","modified_gmt":"2022-04-15T04:49:38","slug":"impressum","status":"publish","type":"page","link":"https:\/\/welovekiel.com\/de\/impressum\/","title":{"rendered":"Impressum"},"content":{"rendered":"<div class=\"fusion-fullwidth fullwidth-box fusion-builder-row-1 nonhundred-percent-fullwidth non-hundred-percent-height-scrolling\" style=\"background-color: rgba(255,255,255,0);background-position: center center;background-repeat: no-repeat;padding-top:0px;padding-right:0px;padding-bottom:0px;padding-left:0px;margin-bottom: 0px;margin-top: 0px;border-width: 0px 0px 0px 0px;border-color:#eae9e9;border-style:solid;\" ><div class=\"fusion-builder-row fusion-row\"><div class=\"fusion-layout-column fusion_builder_column fusion-builder-column-0 fusion_builder_column_3_4 3_4 fusion-three-fourth fusion-column-first\" style=\"width:75%;width:calc(75% - ( ( 4% ) * 0.75 ) );margin-right: 4%;margin-top:0px;margin-bottom:20px;\"><div class=\"fusion-column-wrapper fusion-flex-column-wrapper-legacy\" style=\"background-position:left top;background-repeat:no-repeat;-webkit-background-size:cover;-moz-background-size:cover;-o-background-size:cover;background-size:cover;padding: 0px 0px 0px 0px;\"><style type=\"text\/css\"><\/style><div class=\"fusion-title title fusion-title-1 fusion-title-text fusion-title-size-one\" style=\"margin-top:0px;margin-right:0px;margin-bottom:31px;margin-left:0px;\"><h1 class=\"title-heading-left\" style=\"margin:0;\">Impressum<\/h1><span class=\"awb-title-spacer\"><\/span><div class=\"title-sep-container\"><div class=\"title-sep sep-double sep-solid\" style=\"border-color:#e0dede;\"><\/div><\/div><\/div><div class=\"fusion-text fusion-text-1\"><p>Nachfolgendes Impressum sowie <strong>Datenschutzerkl\u00e4rung<\/strong> gilt f\u00fcr die Seite WeLoveKiel.com sowie f\u00fcr s\u00e4mtliche vom Seitenbetreiber dieser Internetpr\u00e4senz verantworteten Webdienste, sofern diese eigenst\u00e4ndige Dienste darstellen, und gelten f\u00fcr Twitter, Facebook, Instagram und Pinterest sowie alle anderen von diesem Seitenbetreiber betriebenen externen Dienste.<\/p>\n<p><strong>Diensteanbieter im Sinne von \u00a7 5 TMG sowie verantwortlich gem\u00e4\u00df \u00a7 55 Abs. 2 RStV:<\/strong><\/p>\n<p>Christian Gewiese<br \/>\nBl\u00fccherplatz 19<br \/>\n24105 Kiel<\/p>\n<p>E-Mail: christian@welovekiel.com<br \/>\nTelefon: +49 151 51414213<\/p>\n<p>Umsatzsteuer-Identifikationsnummer gem\u00e4\u00df \u00a727 a Umsatzsteuergesetz:<br \/>\nDE 323365770<\/p>\n<h2>Streitschlichtung<\/h2>\n<p>Die Europ\u00e4ische Kommission stellt eine Plattform zur Online-Streitbeilegung (OS) bereit: <a href=\"https:\/\/ec.europa.eu\/consumers\/odr\" target=\"_blank\" rel=\"noopener noreferrer\">https:\/\/ec.europa.eu\/consumers\/odr<\/a>.<br \/>\nUnsere E-Mail-Adresse finden Sie oben im Impressum.<\/p>\n<p>Wir sind nicht bereit oder verpflichtet, an Streitbeilegungsverfahren vor einer Verbraucherschlichtungsstelle teilzunehmen.<\/p>\n<h3>Haftung f\u00fcr Inhalte<\/h3>\n<p>Als Diensteanbieter sind wir gem\u00e4\u00df \u00a7 7 Abs.1 TMG f\u00fcr eigene Inhalte auf diesen Seiten nach den allgemeinen Gesetzen verantwortlich. Nach \u00a7\u00a7 8 bis 10 TMG sind wir als Diensteanbieter jedoch nicht verpflichtet, \u00fcbermittelte oder gespeicherte fremde Informationen zu \u00fcberwachen oder nach Umst\u00e4nden zu forschen, die auf eine rechtswidrige T\u00e4tigkeit hinweisen.<\/p>\n<p>Verpflichtungen zur Entfernung oder Sperrung der Nutzung von Informationen nach den allgemeinen Gesetzen bleiben hiervon unber\u00fchrt. Eine diesbez\u00fcgliche Haftung ist jedoch erst ab dem Zeitpunkt der Kenntnis einer konkreten Rechtsverletzung m\u00f6glich. Bei Bekanntwerden von entsprechenden Rechtsverletzungen werden wir diese Inhalte umgehend entfernen.<\/p>\n<h3>Haftung f\u00fcr Links<\/h3>\n<p>Unser Angebot enth\u00e4lt Links zu externen Websites Dritter, auf deren Inhalte wir keinen Einfluss haben. Deshalb k\u00f6nnen wir f\u00fcr diese fremden Inhalte auch keine Gew\u00e4hr \u00fcbernehmen. F\u00fcr die Inhalte der verlinkten Seiten ist stets der jeweilige Anbieter oder Betreiber der Seiten verantwortlich. Die verlinkten Seiten wurden zum Zeitpunkt der Verlinkung auf m\u00f6gliche Rechtsverst\u00f6\u00dfe \u00fcberpr\u00fcft. Rechtswidrige Inhalte waren zum Zeitpunkt der Verlinkung nicht erkennbar.<\/p>\n<p>Eine permanente inhaltliche Kontrolle der verlinkten Seiten ist jedoch ohne konkrete Anhaltspunkte einer Rechtsverletzung nicht zumutbar. Bei Bekanntwerden von Rechtsverletzungen werden wir derartige Links umgehend entfernen.<\/p>\n<h3>Urheberrecht<\/h3>\n<p>Die durch die Seitenbetreiber erstellten Inhalte und Werke auf diesen Seiten unterliegen dem deutschen Urheberrecht. Die Vervielf\u00e4ltigung, Bearbeitung, Verbreitung und jede Art der Verwertung au\u00dferhalb der Grenzen des Urheberrechtes bed\u00fcrfen der schriftlichen Zustimmung des jeweiligen Autors bzw. Erstellers. Downloads und Kopien dieser Seite sind nur f\u00fcr den privaten, nicht kommerziellen Gebrauch gestattet.<\/p>\n<p>Soweit die Inhalte auf dieser Seite nicht vom Betreiber erstellt wurden, werden die Urheberrechte Dritter beachtet. Insbesondere werden Inhalte Dritter als solche gekennzeichnet. Sollten Sie trotzdem auf eine Urheberrechtsverletzung aufmerksam werden, bitten wir um einen entsprechenden Hinweis. Bei Bekanntwerden von Rechtsverletzungen werden wir derartige Inhalte umgehend entfernen.<\/p>\n<p>Quelle: <a href=\"https:\/\/www.e-recht24.de\">eRecht24<\/a><\/p>\n<\/div><div class=\"fusion-clearfix\"><\/div><\/div><\/div><div class=\"fusion-layout-column fusion_builder_column fusion-builder-column-1 fusion_builder_column_1_4 1_4 fusion-one-fourth fusion-column-last\" style=\"width:25%;width:calc(25% - ( ( 4% ) * 0.25 ) );margin-top:0px;margin-bottom:20px;\"><div class=\"fusion-column-wrapper fusion-flex-column-wrapper-legacy\" style=\"background-position:left top;background-repeat:no-repeat;-webkit-background-size:cover;-moz-background-size:cover;-o-background-size:cover;background-size:cover;padding: 0px 0px 0px 0px;\"><div class=\"fusion-widget-area fusion-widget-area-1 fusion-content-widget-area\"><style type=\"text\/css\">.fusion-widget-area-1 {padding:0px 0px 0px 0px;}.fusion-widget-area-1 .widget h4 {color:#333333;}.fusion-widget-area-1 .widget .heading h4 {color:#333333;}<\/style><section id=\"gallery-taxonomy-cloud-8\" class=\"fusion-footer-widget-column widget widget_gallery-taxonomy-cloud\"><h4 class=\"widget-title\">Bildergalerien<\/h4>\n<ul>\n  <a href=\"https:\/\/welovekiel.com\/de\/galleries\/date\/2013\/\" class=\"tag-cloud-link tag-link-628 tag-link-position-1\" aria-label=\"2013 (2\u00a0Eintr\u00e4ge)\">2013<\/a>\n<a href=\"https:\/\/welovekiel.com\/de\/galleries\/date\/2014\/\" class=\"tag-cloud-link tag-link-300 tag-link-position-2\" aria-label=\"2014 (2\u00a0Eintr\u00e4ge)\">2014<\/a>\n<a href=\"https:\/\/welovekiel.com\/de\/galleries\/date\/2015\/\" class=\"tag-cloud-link tag-link-299 tag-link-position-3\" aria-label=\"2015 (3\u00a0Eintr\u00e4ge)\">2015<\/a>\n<a href=\"https:\/\/welovekiel.com\/de\/galleries\/date\/2016\/\" class=\"tag-cloud-link tag-link-298 tag-link-position-4\" aria-label=\"2016 (3\u00a0Eintr\u00e4ge)\">2016<\/a>\n<a href=\"https:\/\/welovekiel.com\/de\/galleries\/date\/2017\/\" class=\"tag-cloud-link tag-link-297 tag-link-position-5\" aria-label=\"2017 (4\u00a0Eintr\u00e4ge)\">2017<\/a>\n<a href=\"https:\/\/welovekiel.com\/de\/galleries\/date\/2018\/\" class=\"tag-cloud-link tag-link-290 tag-link-position-6\" aria-label=\"2018 (4\u00a0Eintr\u00e4ge)\">2018<\/a>\n<a href=\"https:\/\/welovekiel.com\/de\/galleries\/date\/2019\/\" class=\"tag-cloud-link tag-link-296 tag-link-position-7\" aria-label=\"2019 (14\u00a0Eintr\u00e4ge)\">2019<\/a>\n<a href=\"https:\/\/welovekiel.com\/de\/galleries\/date\/2020\/\" class=\"tag-cloud-link tag-link-484 tag-link-position-8\" aria-label=\"2020 (26\u00a0Eintr\u00e4ge)\">2020<\/a>\n<a href=\"https:\/\/welovekiel.com\/de\/galleries\/date\/2021\/\" class=\"tag-cloud-link tag-link-744 tag-link-position-9\" aria-label=\"2021 (36\u00a0Eintr\u00e4ge)\">2021<\/a>\n<a href=\"https:\/\/welovekiel.com\/de\/galleries\/date\/2022\/\" class=\"tag-cloud-link tag-link-1082 tag-link-position-10\" aria-label=\"2022 (35\u00a0Eintr\u00e4ge)\">2022<\/a>\n<a href=\"https:\/\/welovekiel.com\/de\/galleries\/date\/2023\/\" class=\"tag-cloud-link tag-link-2663 tag-link-position-11\" aria-label=\"2023 (7\u00a0Eintr\u00e4ge)\">2023<\/a>\n<a href=\"https:\/\/welovekiel.com\/de\/galleries\/date\/2024\/\" class=\"tag-cloud-link tag-link-3088 tag-link-position-12\" aria-label=\"2024 (6\u00a0Eintr\u00e4ge)\">2024<\/a><\/ul>\n\n<div style=\"clear:both;\"><\/div><\/section><section id=\"custom_html-12\" class=\"widget_text fusion-footer-widget-column widget widget_custom_html\"><div class=\"textwidget custom-html-widget\"><script async src=\"https:\/\/pagead2.googlesyndication.com\/pagead\/js\/adsbygoogle.js\"><\/script>\r\n<!-- welovekiel_Footer_textlinks_responsive -->\r\n<ins class=\"adsbygoogle\"\r\n     style=\"display:block\"\r\n     data-ad-client=\"ca-pub-2675294892226297\"\r\n     data-ad-slot=\"9933108141\"\r\n     data-ad-format=\"link\"\r\n     data-full-width-responsive=\"true\"><\/ins>\r\n<script>\r\n     (adsbygoogle = window.adsbygoogle || []).push({});\r\n<\/script><\/div><div style=\"clear:both;\"><\/div><\/section><div class=\"fusion-additional-widget-content\"><\/div><\/div><div class=\"fusion-clearfix\"><\/div><\/div><\/div><\/div><\/div>\n","protected":false},"excerpt":{"rendered":"","protected":false},"author":2,"featured_media":0,"parent":0,"menu_order":0,"comment_status":"closed","ping_status":"closed","template":"","meta":{"footnotes":""},"class_list":["post-19","page","type-page","status-publish","hentry","gallery-content-unit"],"aioseo_notices":[],"_links":{"self":[{"href":"https:\/\/welovekiel.com\/de\/wp-json\/wp\/v2\/pages\/19","targetHints":{"allow":["GET"]}}],"collection":[{"href":"https:\/\/welovekiel.com\/de\/wp-json\/wp\/v2\/pages"}],"about":[{"href":"https:\/\/welovekiel.com\/de\/wp-json\/wp\/v2\/types\/page"}],"author":[{"embeddable":true,"href":"https:\/\/welovekiel.com\/de\/wp-json\/wp\/v2\/users\/2"}],"replies":[{"embeddable":true,"href":"https:\/\/welovekiel.com\/de\/wp-json\/wp\/v2\/comments?post=19"}],"version-history":[{"count":6,"href":"https:\/\/welovekiel.com\/de\/wp-json\/wp\/v2\/pages\/19\/revisions"}],"predecessor-version":[{"id":8707,"href":"https:\/\/welovekiel.com\/de\/wp-json\/wp\/v2\/pages\/19\/revisions\/8707"}],"wp:attachment":[{"href":"https:\/\/welovekiel.com\/de\/wp-json\/wp\/v2\/media?parent=19"}],"curies":[{"name":"wp","href":"https:\/\/api.w.org\/{rel}","templated":true}]}}